{"id":266,"date":"2022-04-20T06:49:29","date_gmt":"2022-04-20T06:49:29","guid":{"rendered":"http:\/\/ilstudio.hr\/scolio\/?page_id=266"},"modified":"2022-04-20T09:28:40","modified_gmt":"2022-04-20T09:28:40","slug":"order","status":"publish","type":"page","link":"https:\/\/3dscolio.com\/de\/order\/","title":{"rendered":"Order"},"content":{"rendered":"<script type=\"text\/javascript\">var gform;gform||(document.addEventListener(\"gform_main_scripts_loaded\",function(){gform.scriptsLoaded=!0}),window.addEventListener(\"DOMContentLoaded\",function(){gform.domLoaded=!0}),gform={domLoaded:!1,scriptsLoaded:!1,initializeOnLoaded:function(o){gform.domLoaded&&gform.scriptsLoaded?o():!gform.domLoaded&&gform.scriptsLoaded?window.addEventListener(\"DOMContentLoaded\",o):document.addEventListener(\"gform_main_scripts_loaded\",o)},hooks:{action:{},filter:{}},addAction:function(o,n,r,t){gform.addHook(\"action\",o,n,r,t)},addFilter:function(o,n,r,t){gform.addHook(\"filter\",o,n,r,t)},doAction:function(o){gform.doHook(\"action\",o,arguments)},applyFilters:function(o){return gform.doHook(\"filter\",o,arguments)},removeAction:function(o,n){gform.removeHook(\"action\",o,n)},removeFilter:function(o,n,r){gform.removeHook(\"filter\",o,n,r)},addHook:function(o,n,r,t,i){null==gform.hooks[o][n]&&(gform.hooks[o][n]=[]);var e=gform.hooks[o][n];null==i&&(i=n+\"_\"+e.length),gform.hooks[o][n].push({tag:i,callable:r,priority:t=null==t?10:t})},doHook:function(n,o,r){var t;if(r=Array.prototype.slice.call(r,1),null!=gform.hooks[n][o]&&((o=gform.hooks[n][o]).sort(function(o,n){return o.priority-n.priority}),o.forEach(function(o){\"function\"!=typeof(t=o.callable)&&(t=window[t]),\"action\"==n?t.apply(null,r):r[0]=t.apply(null,r)})),\"filter\"==n)return r[0]},removeHook:function(o,n,t,i){var r;null!=gform.hooks[o][n]&&(r=(r=gform.hooks[o][n]).filter(function(o,n,r){return!!(null!=i&&i!=o.tag||null!=t&&t!=o.priority)}),gform.hooks[o][n]=r)}});<\/script>\n                <div class='gf_browser_gecko gform_wrapper gform_legacy_markup_wrapper' id='gform_wrapper_7' style='display:none'><div id='gf_7' class='gform_anchor' tabindex='-1'><\/div>\n                        <div class='gform_heading'>\n                            <span class='gform_description'><\/span>\n                        <\/div><form method='post' enctype='multipart\/form-data'  id='gform_7'  action='\/de\/wp-json\/wp\/v2\/pages\/266#gf_7' novalidate>\n                        <div class='gform_body gform-body'><div id='gform_page_7_1' class='gform_page' >\n                                    <div class='gform_page_fields'><ul id='gform_fields_7' class='gform_fields top_label form_sublabel_below description_below'><li id=\"field_7_17\"  class=\"gfield field_sublabel_below field_description_below gfield_visibility_visible\"  data-js-reload=\"field_7_17\"><label class='gfield_label'  >Sie sind<\/label><div class='ginput_container ginput_container_radio'><ul class='gfield_radio' id='input_7_17'>\n\t\t\t<li class='gchoice gchoice_7_17_0'>\n\t\t\t\t<input name='input_17' type='radio' value='Patient aus Deutschland\/ \u00d6sterreich\/Schweiz'  id='choice_7_17_0'    \/>\n\t\t\t\t<label for='choice_7_17_0' id='label_7_17_0'>Patient aus Deutschland\/ \u00d6sterreich\/Schweiz<\/label>\n\t\t\t<\/li>\n\t\t\t<li class='gchoice gchoice_7_17_1'>\n\t\t\t\t<input name='input_17' type='radio' value='Patienten aus anderen L\u00e4ndern'  id='choice_7_17_1'    \/>\n\t\t\t\t<label for='choice_7_17_1' id='label_7_17_1'>Patienten aus anderen L\u00e4ndern<\/label>\n\t\t\t<\/li><\/ul><\/div><\/li><\/ul>\n                    <\/div>\n                    <div class='gform_page_footer top_label'>\n                         <input type='button' id='gform_next_button_7_20' class='gform_next_button button' value='Next'  onclick='jQuery(\"#gform_target_page_number_7\").val(\"2\");  jQuery(\"#gform_7\").trigger(\"submit\",[true]); ' onkeypress='if( event.keyCode == 13 ){ jQuery(\"#gform_target_page_number_7\").val(\"2\");  jQuery(\"#gform_7\").trigger(\"submit\",[true]); } ' \/> \n                    <\/div>\n                <\/div>\n                <div id='gform_page_7_2' class='gform_page' style='display:none;'>\n                    <div class='gform_page_fields'>\n                        <ul id='gform_fields_7_2' class='gform_fields top_label form_sublabel_below description_below'><li id=\"field_7_21\"  class=\"gfield gf_left_half field_sublabel_below field_description_below gfield_visibility_visible\"  data-js-reload=\"field_7_21\"><label class='gfield_label' for='input_7_21' >Name<\/label><div class='ginput_container ginput_container_text'><input name='input_21' id='input_7_21' type='text' value='' class='medium'      aria-invalid=\"false\"   \/> <\/div><\/li><li id=\"field_7_22\"  class=\"gfield gfield--width-full gf_right_half field_sublabel_below field_description_below gfield_visibility_visible\"  data-js-reload=\"field_7_22\"><label class='gfield_label' for='input_7_22' >Adresse<\/label><div class='ginput_container ginput_container_text'><input name='input_22' id='input_7_22' type='text' value='' class='medium'      aria-invalid=\"false\"   \/> <\/div><\/li><li id=\"field_7_23\"  class=\"gfield gf_left_half field_sublabel_below field_description_below gfield_visibility_visible\"  data-js-reload=\"field_7_23\"><label class='gfield_label' for='input_7_23' >Email<\/label><div class='ginput_container ginput_container_email'>\n                            <input name='input_23' id='input_7_23' type='email' value='' class='medium'     aria-invalid=\"false\"  \/>\n                        <\/div><\/li><li id=\"field_7_24\"  class=\"gfield gf_right_half field_sublabel_below field_description_below gfield_visibility_visible\"  data-js-reload=\"field_7_24\"><label class='gfield_label' for='input_7_24' >Alter<\/label><div class='ginput_container ginput_container_text'><input name='input_24' id='input_7_24' type='text' value='' class='medium'      aria-invalid=\"false\"   \/> <\/div><\/li><li id=\"field_7_28\"  class=\"gfield field_sublabel_below field_description_below gfield_visibility_visible\"  data-js-reload=\"field_7_28\"><label class='gfield_label' for='input_7_28' >Nachricht<\/label><div class='ginput_container ginput_container_textarea'><textarea name='input_28' id='input_7_28' class='textarea medium'      aria-invalid=\"false\"   rows='10' cols='50'><\/textarea><\/div><\/li><li id=\"field_7_26\"  class=\"gfield gfield_html gfield_html_formatted gfield_no_follows_desc field_sublabel_below field_description_below gfield_visibility_visible\"  data-js-reload=\"field_7_26\">Wir werden versuchen einen orthop\u00e4dietechnischen Fachbetrieb in Ihrer N\u00e4he zu finden, bei dem Sie sich mit einem 3Dscolio Korsett versorgen lassen k\u00f6nnen. Oder wir bieten Ihnen einen besonderen Kroatienurlaub an mit Schroththerapie, Wirbels\u00e4ulenanalyse und einem 3Dscolio Korsett Preis auf Anfrage, Dauer cca. 10 Tage<\/li><\/ul>\n                    <\/div>\n                    <div class='gform_page_footer top_label'>\n                        <input type='button' id='gform_previous_button_7_27' class='gform_previous_button button' value='Previous'  onclick='jQuery(\"#gform_target_page_number_7\").val(\"1\");  jQuery(\"#gform_7\").trigger(\"submit\",[true]); ' onkeypress='if( event.keyCode == 13 ){ jQuery(\"#gform_target_page_number_7\").val(\"1\");  jQuery(\"#gform_7\").trigger(\"submit\",[true]); } ' \/> <input type='button' id='gform_next_button_7_27' class='gform_next_button button' value='Send'  onclick='jQuery(\"#gform_target_page_number_7\").val(\"3\");  jQuery(\"#gform_7\").trigger(\"submit\",[true]); ' onkeypress='if( event.keyCode == 13 ){ jQuery(\"#gform_target_page_number_7\").val(\"3\");  jQuery(\"#gform_7\").trigger(\"submit\",[true]); } ' \/> \n                    <\/div>\n                <\/div>\n                <div id='gform_page_7_3' class='gform_page' style='display:none;'>\n                    <div class='gform_page_fields'>\n                        <ul id='gform_fields_7_3' class='gform_fields top_label form_sublabel_below description_below'><li id=\"field_7_25\"  class=\"gfield gfield_html gfield_html_formatted gfield_no_follows_desc field_sublabel_below field_description_below gfield_visibility_visible\"  data-js-reload=\"field_7_25\">Thank you for your interest in 3Dscolio braces.  We would like to offer you  assistance and support in all your questions about bracing , please be so kind as to fill in our contact form , so we understand what you are looking for.   <br><br>\n<a href=\"contact\" class=\"gform_next_button button\">Contact us<\/a><\/li><li id=\"field_7_29\"  class=\"gfield gfield--width-full field_sublabel_below field_description_below hidden_label gfield_visibility_visible\"  data-js-reload=\"field_7_29\"><label class='gfield_label' for='input_7_29' >CAPTCHA<\/label><div id='input_7_29' class='ginput_container ginput_recaptcha' data-sitekey='6LeKol8pAAAAABM2mS_Zjq7owHErgElipgwmPG9p'  data-theme='light' data-tabindex='-1' data-size='invisible' data-badge='bottomright'><\/div><\/li><li id=\"field_7_30\"  class=\"gfield gform_validation_container field_sublabel_below field_description_below gfield_visibility_visible\"  data-js-reload=\"field_7_30\"><label class='gfield_label' for='input_7_30' >Comments<\/label><div class='ginput_container'><input name='input_30' id='input_7_30' type='text' value='' autocomplete='new-password'\/><\/div><div class='gfield_description' id='gfield_description_7_30'>This field is for validation purposes and should be left unchanged.<\/div><\/li><\/ul><\/div>\n        <div class='gform_page_footer top_label'><input type='submit' id='gform_previous_button_7' class='gform_previous_button button' value='Previous'  onclick='if(window[\"gf_submitting_7\"]){return false;}  if( !jQuery(\"#gform_7\")[0].checkValidity || jQuery(\"#gform_7\")[0].checkValidity()){window[\"gf_submitting_7\"]=true;}  ' onkeypress='if( event.keyCode == 13 ){ if(window[\"gf_submitting_7\"]){return false;} if( !jQuery(\"#gform_7\")[0].checkValidity || jQuery(\"#gform_7\")[0].checkValidity()){window[\"gf_submitting_7\"]=true;}  jQuery(\"#gform_7\").trigger(\"submit\",[true]); }' \/> <input type='submit' id='gform_submit_button_7' class='gform_button button' value='Senden'  onclick='if(window[\"gf_submitting_7\"]){return false;}  if( !jQuery(\"#gform_7\")[0].checkValidity || jQuery(\"#gform_7\")[0].checkValidity()){window[\"gf_submitting_7\"]=true;}  ' onkeypress='if( event.keyCode == 13 ){ if(window[\"gf_submitting_7\"]){return false;} if( !jQuery(\"#gform_7\")[0].checkValidity || jQuery(\"#gform_7\")[0].checkValidity()){window[\"gf_submitting_7\"]=true;}  jQuery(\"#gform_7\").trigger(\"submit\",[true]); }' \/> \n            <input type='hidden' class='gform_hidden' name='is_submit_7' value='1' \/>\n            <input type='hidden' class='gform_hidden' name='gform_submit' value='7' \/>\n            \n            <input type='hidden' class='gform_hidden' name='gform_unique_id' value='' \/>\n            <input type='hidden' class='gform_hidden' name='state_7' value='WyJbXSIsIjU2ZThiZGU5Y2MyYjIwYzFiOTViNDc4NmMyYTE5M2U3Il0=' \/>\n            <input type='hidden' class='gform_hidden' name='gform_target_page_number_7' id='gform_target_page_number_7' value='2' \/>\n            <input type='hidden' class='gform_hidden' name='gform_source_page_number_7' id='gform_source_page_number_7' value='1' \/>\n            <input type='hidden' name='gform_field_values' value='' \/>\n            \n        <\/div>\n                        <\/div><\/div>\n                        <\/form>\n                        <\/div>\n","protected":false},"excerpt":{"rendered":"<p> [&#8230;]<\/p>\n<p><a class=\"btn btn-secondary scolio-read-more-link\" href=\"https:\/\/3dscolio.com\/de\/order\/\">Read More&#8230;<span class=\"screen-reader-text\"> from Order<\/span><\/a><\/p>\n","protected":false},"author":1,"featured_media":0,"parent":0,"menu_order":0,"comment_status":"closed","ping_status":"closed","template":"page-templates\/fullwidthpage.php","meta":{"footnotes":""},"class_list":["post-266","page","type-page","status-publish","hentry"],"acf":[],"yoast_head":"<!-- This site is optimized with the Yoast SEO plugin v18.6 - https:\/\/yoast.com\/wordpress\/plugins\/seo\/ -->\n<title>Order - 3DScolio<\/title>\n<meta name=\"robots\" content=\"index, follow, max-snippet:-1, max-image-preview:large, max-video-preview:-1\" \/>\n<link rel=\"canonical\" href=\"https:\/\/3dscolio.com\/de\/order\/\" \/>\n<meta property=\"og:locale\" content=\"de_DE\" \/>\n<meta property=\"og:type\" content=\"article\" \/>\n<meta property=\"og:title\" content=\"Order - 3DScolio\" \/>\n<meta property=\"og:description\" content=\"[...]Read More... from Order\" \/>\n<meta property=\"og:url\" content=\"https:\/\/3dscolio.com\/de\/order\/\" \/>\n<meta property=\"og:site_name\" content=\"3DScolio\" \/>\n<meta property=\"article:modified_time\" content=\"2022-04-20T09:28:40+00:00\" \/>\n<meta name=\"twitter:card\" content=\"summary_large_image\" \/>\n<script type=\"application\/ld+json\" class=\"yoast-schema-graph\">{\"@context\":\"https:\/\/schema.org\",\"@graph\":[{\"@type\":\"WebSite\",\"@id\":\"https:\/\/3dscolio.com\/#website\",\"url\":\"https:\/\/3dscolio.com\/\",\"name\":\"3DScolio\",\"description\":\"\",\"potentialAction\":[{\"@type\":\"SearchAction\",\"target\":{\"@type\":\"EntryPoint\",\"urlTemplate\":\"https:\/\/3dscolio.com\/?s={search_term_string}\"},\"query-input\":\"required name=search_term_string\"}],\"inLanguage\":\"de\"},{\"@type\":\"WebPage\",\"@id\":\"https:\/\/3dscolio.com\/de\/order\/#webpage\",\"url\":\"https:\/\/3dscolio.com\/de\/order\/\",\"name\":\"Order - 3DScolio\",\"isPartOf\":{\"@id\":\"https:\/\/3dscolio.com\/#website\"},\"datePublished\":\"2022-04-20T06:49:29+00:00\",\"dateModified\":\"2022-04-20T09:28:40+00:00\",\"breadcrumb\":{\"@id\":\"https:\/\/3dscolio.com\/de\/order\/#breadcrumb\"},\"inLanguage\":\"de\",\"potentialAction\":[{\"@type\":\"ReadAction\",\"target\":[\"https:\/\/3dscolio.com\/de\/order\/\"]}]},{\"@type\":\"BreadcrumbList\",\"@id\":\"https:\/\/3dscolio.com\/de\/order\/#breadcrumb\",\"itemListElement\":[{\"@type\":\"ListItem\",\"position\":1,\"name\":\"Home\",\"item\":\"https:\/\/3dscolio.com\/de\/\"},{\"@type\":\"ListItem\",\"position\":2,\"name\":\"Order\"}]}]}<\/script>\n<!-- \/ Yoast SEO plugin. -->","yoast_head_json":{"title":"Order - 3DScolio","robots":{"index":"index","follow":"follow","max-snippet":"max-snippet:-1","max-image-preview":"max-image-preview:large","max-video-preview":"max-video-preview:-1"},"canonical":"https:\/\/3dscolio.com\/de\/order\/","og_locale":"de_DE","og_type":"article","og_title":"Order - 3DScolio","og_description":"[...]Read More... from Order","og_url":"https:\/\/3dscolio.com\/de\/order\/","og_site_name":"3DScolio","article_modified_time":"2022-04-20T09:28:40+00:00","twitter_card":"summary_large_image","schema":{"@context":"https:\/\/schema.org","@graph":[{"@type":"WebSite","@id":"https:\/\/3dscolio.com\/#website","url":"https:\/\/3dscolio.com\/","name":"3DScolio","description":"","potentialAction":[{"@type":"SearchAction","target":{"@type":"EntryPoint","urlTemplate":"https:\/\/3dscolio.com\/?s={search_term_string}"},"query-input":"required name=search_term_string"}],"inLanguage":"de"},{"@type":"WebPage","@id":"https:\/\/3dscolio.com\/de\/order\/#webpage","url":"https:\/\/3dscolio.com\/de\/order\/","name":"Order - 3DScolio","isPartOf":{"@id":"https:\/\/3dscolio.com\/#website"},"datePublished":"2022-04-20T06:49:29+00:00","dateModified":"2022-04-20T09:28:40+00:00","breadcrumb":{"@id":"https:\/\/3dscolio.com\/de\/order\/#breadcrumb"},"inLanguage":"de","potentialAction":[{"@type":"ReadAction","target":["https:\/\/3dscolio.com\/de\/order\/"]}]},{"@type":"BreadcrumbList","@id":"https:\/\/3dscolio.com\/de\/order\/#breadcrumb","itemListElement":[{"@type":"ListItem","position":1,"name":"Home","item":"https:\/\/3dscolio.com\/de\/"},{"@type":"ListItem","position":2,"name":"Order"}]}]}},"_links":{"self":[{"href":"https:\/\/3dscolio.com\/de\/wp-json\/wp\/v2\/pages\/266","targetHints":{"allow":["GET"]}}],"collection":[{"href":"https:\/\/3dscolio.com\/de\/wp-json\/wp\/v2\/pages"}],"about":[{"href":"https:\/\/3dscolio.com\/de\/wp-json\/wp\/v2\/types\/page"}],"author":[{"embeddable":true,"href":"https:\/\/3dscolio.com\/de\/wp-json\/wp\/v2\/users\/1"}],"replies":[{"embeddable":true,"href":"https:\/\/3dscolio.com\/de\/wp-json\/wp\/v2\/comments?post=266"}],"version-history":[{"count":2,"href":"https:\/\/3dscolio.com\/de\/wp-json\/wp\/v2\/pages\/266\/revisions"}],"predecessor-version":[{"id":301,"href":"https:\/\/3dscolio.com\/de\/wp-json\/wp\/v2\/pages\/266\/revisions\/301"}],"wp:attachment":[{"href":"https:\/\/3dscolio.com\/de\/wp-json\/wp\/v2\/media?parent=266"}],"curies":[{"name":"wp","href":"https:\/\/api.w.org\/{rel}","templated":true}]}}