{"id":263,"date":"2022-04-20T06:47:47","date_gmt":"2022-04-20T06:47:47","guid":{"rendered":"http:\/\/ilstudio.hr\/scolio\/?page_id=263"},"modified":"2022-04-26T10:51:11","modified_gmt":"2022-04-26T10:51:11","slug":"home","status":"publish","type":"page","link":"https:\/\/3dscolio.com\/de\/","title":{"rendered":"3DScolio"},"content":{"rendered":"<section class=\"section\">\n<div class=\"container\">\n<div class=\"row\">\n<div class=\"col-md-6\">\n<div class=\"img-box\">\n                    <img decoding=\"async\" src=\"https:\/\/3dscolio.com\/wp-content\/uploads\/2022\/04\/andreas.jpg\" class=\"img-fluid rounded-3 overflow-hidden\">\n                <\/div>\n<\/p><\/div>\n<div class=\"col-md-6\">\n<div class=\"content-box\">\n<h1>Was ist 3DScolio?<\/h1>\n<p>3DScolio steht f\u00fcr moderne und effektive nicht-operative Skoliosentherapie.<\/p>\n<p>Wir bieten individuelle L\u00f6sungen an \u2013 sowohl f\u00fcr direkte Patientenversorgungen als auch f\u00fcr medizinische oder orthop\u00e4dietechnische Betriebe weltweit.<\/p>\n<p>F\u00fcr die dreidimensionale Verkr\u00fcmmung der Wirbels\u00e4ule bietet 3DScolio ein individuelles Korrektursystem auf allen drei Ebenen: die Reduktion des Cobbwinkels, Reduzierung der Rotation und Rekonstruktion des physiologischen Sagittalprofil der Wirbels\u00e4ule.\n<\/p>\n<p>                    <a href=\"https:\/\/3dscolio.com\/de\/was-ist-3dscolio\/\" class=\"btn btn-default mt-4\">Weiterlesen<\/a>\n                <\/div>\n<\/p><\/div>\n<\/p><\/div>\n<\/p><\/div>\n<\/section>\n","protected":false},"excerpt":{"rendered":"<p>Was ist 3DScolio? 3DScolio steht f\u00fcr moderne und effektive nicht-operative Skoliosentherapie. Wir bieten individuelle L\u00f6sungen an \u2013 sowohl f\u00fcr direkte Patientenversorgungen als auch f\u00fcr medizinische oder orthop\u00e4dietechnische Betriebe weltweit. F\u00fcr die dreidimensionale Verkr\u00fcmmung der Wirbels\u00e4ule bietet 3DScolio ein individuelles Korrektursystem auf allen drei Ebenen: die Reduktion des Cobbwinkels, Reduzierung der Rotation und Rekonstruktion des physiologischen [&#8230;]<\/p>\n<p><a class=\"btn btn-secondary scolio-read-more-link\" href=\"https:\/\/3dscolio.com\/de\/\">Read More&#8230;<span class=\"screen-reader-text\"> from 3DScolio<\/span><\/a><\/p>\n","protected":false},"author":1,"featured_media":0,"parent":0,"menu_order":0,"comment_status":"closed","ping_status":"closed","template":"page-templates\/homepage.php","meta":{"footnotes":""},"class_list":["post-263","page","type-page","status-publish","hentry"],"acf":[],"yoast_head":"<!-- This site is optimized with the Yoast SEO plugin v18.6 - https:\/\/yoast.com\/wordpress\/plugins\/seo\/ -->\n<title>3DScolio - Moderne und effektive nicht-operative Skoliosentherapie<\/title>\n<meta name=\"description\" content=\"3DScolio steht f\u00fcr moderne und effektive nicht-operative Skoliosentherapie.Wir bieten individuelle L\u00f6sungen an \u2013 sowohl f\u00fcr direkte Patientenversorgungen als auch f\u00fcr medizinische oder orthop\u00e4dietechnische Betriebe weltweit\" \/>\n<meta name=\"robots\" content=\"index, follow, max-snippet:-1, max-image-preview:large, max-video-preview:-1\" \/>\n<link rel=\"canonical\" href=\"https:\/\/3dscolio.com\/de\/\" \/>\n<meta property=\"og:locale\" content=\"de_DE\" \/>\n<meta property=\"og:type\" content=\"article\" \/>\n<meta property=\"og:title\" content=\"3DScolio - Moderne und effektive nicht-operative Skoliosentherapie\" \/>\n<meta property=\"og:description\" content=\"3DScolio steht f\u00fcr moderne und effektive nicht-operative Skoliosentherapie.Wir bieten individuelle L\u00f6sungen an \u2013 sowohl f\u00fcr direkte Patientenversorgungen als auch f\u00fcr medizinische oder orthop\u00e4dietechnische Betriebe weltweit\" \/>\n<meta property=\"og:url\" content=\"https:\/\/3dscolio.com\/de\/\" \/>\n<meta property=\"og:site_name\" content=\"3DScolio\" \/>\n<meta property=\"article:modified_time\" content=\"2022-04-26T10:51:11+00:00\" \/>\n<meta property=\"og:image\" content=\"https:\/\/3dscolio.com\/wp-content\/uploads\/2022\/04\/andreas.jpg\" \/>\n<meta name=\"twitter:card\" content=\"summary_large_image\" \/>\n<script type=\"application\/ld+json\" class=\"yoast-schema-graph\">{\"@context\":\"https:\/\/schema.org\",\"@graph\":[{\"@type\":\"WebSite\",\"@id\":\"https:\/\/3dscolio.com\/#website\",\"url\":\"https:\/\/3dscolio.com\/\",\"name\":\"3DScolio\",\"description\":\"\",\"potentialAction\":[{\"@type\":\"SearchAction\",\"target\":{\"@type\":\"EntryPoint\",\"urlTemplate\":\"https:\/\/3dscolio.com\/?s={search_term_string}\"},\"query-input\":\"required name=search_term_string\"}],\"inLanguage\":\"de\"},{\"@type\":\"ImageObject\",\"@id\":\"https:\/\/3dscolio.com\/de\/#primaryimage\",\"inLanguage\":\"de\",\"url\":\"https:\/\/3dscolio.com\/wp-content\/uploads\/2022\/04\/andreas.jpg?v=1649780008\",\"contentUrl\":\"https:\/\/3dscolio.com\/wp-content\/uploads\/2022\/04\/andreas.jpg?v=1649780008\",\"width\":1000,\"height\":667,\"caption\":\"Dipl. Ortho. Andreas W\u00fcrsching\"},{\"@type\":\"WebPage\",\"@id\":\"https:\/\/3dscolio.com\/de\/#webpage\",\"url\":\"https:\/\/3dscolio.com\/de\/\",\"name\":\"3DScolio - Moderne und effektive nicht-operative Skoliosentherapie\",\"isPartOf\":{\"@id\":\"https:\/\/3dscolio.com\/#website\"},\"primaryImageOfPage\":{\"@id\":\"https:\/\/3dscolio.com\/de\/#primaryimage\"},\"datePublished\":\"2022-04-20T06:47:47+00:00\",\"dateModified\":\"2022-04-26T10:51:11+00:00\",\"description\":\"3DScolio steht f\u00fcr moderne und effektive nicht-operative Skoliosentherapie.Wir bieten individuelle L\u00f6sungen an \u2013 sowohl f\u00fcr direkte Patientenversorgungen als auch f\u00fcr medizinische oder orthop\u00e4dietechnische Betriebe weltweit\",\"breadcrumb\":{\"@id\":\"https:\/\/3dscolio.com\/de\/#breadcrumb\"},\"inLanguage\":\"de\",\"potentialAction\":[{\"@type\":\"ReadAction\",\"target\":[\"https:\/\/3dscolio.com\/de\/\"]}]},{\"@type\":\"BreadcrumbList\",\"@id\":\"https:\/\/3dscolio.com\/de\/#breadcrumb\",\"itemListElement\":[{\"@type\":\"ListItem\",\"position\":1,\"name\":\"Home\",\"item\":\"https:\/\/3dscolio.com\/de\/\"},{\"@type\":\"ListItem\",\"position\":2,\"name\":\"3DScolio\"}]}]}<\/script>\n<!-- \/ Yoast SEO plugin. -->","yoast_head_json":{"title":"3DScolio - Moderne und effektive nicht-operative Skoliosentherapie","description":"3DScolio steht f\u00fcr moderne und effektive nicht-operative Skoliosentherapie.Wir bieten individuelle L\u00f6sungen an \u2013 sowohl f\u00fcr direkte Patientenversorgungen als auch f\u00fcr medizinische oder orthop\u00e4dietechnische Betriebe weltweit","robots":{"index":"index","follow":"follow","max-snippet":"max-snippet:-1","max-image-preview":"max-image-preview:large","max-video-preview":"max-video-preview:-1"},"canonical":"https:\/\/3dscolio.com\/de\/","og_locale":"de_DE","og_type":"article","og_title":"3DScolio - Moderne und effektive nicht-operative Skoliosentherapie","og_description":"3DScolio steht f\u00fcr moderne und effektive nicht-operative Skoliosentherapie.Wir bieten individuelle L\u00f6sungen an \u2013 sowohl f\u00fcr direkte Patientenversorgungen als auch f\u00fcr medizinische oder orthop\u00e4dietechnische Betriebe weltweit","og_url":"https:\/\/3dscolio.com\/de\/","og_site_name":"3DScolio","article_modified_time":"2022-04-26T10:51:11+00:00","og_image":[{"url":"https:\/\/3dscolio.com\/wp-content\/uploads\/2022\/04\/andreas.jpg"}],"twitter_card":"summary_large_image","schema":{"@context":"https:\/\/schema.org","@graph":[{"@type":"WebSite","@id":"https:\/\/3dscolio.com\/#website","url":"https:\/\/3dscolio.com\/","name":"3DScolio","description":"","potentialAction":[{"@type":"SearchAction","target":{"@type":"EntryPoint","urlTemplate":"https:\/\/3dscolio.com\/?s={search_term_string}"},"query-input":"required name=search_term_string"}],"inLanguage":"de"},{"@type":"ImageObject","@id":"https:\/\/3dscolio.com\/de\/#primaryimage","inLanguage":"de","url":"https:\/\/3dscolio.com\/wp-content\/uploads\/2022\/04\/andreas.jpg?v=1649780008","contentUrl":"https:\/\/3dscolio.com\/wp-content\/uploads\/2022\/04\/andreas.jpg?v=1649780008","width":1000,"height":667,"caption":"Dipl. Ortho. Andreas W\u00fcrsching"},{"@type":"WebPage","@id":"https:\/\/3dscolio.com\/de\/#webpage","url":"https:\/\/3dscolio.com\/de\/","name":"3DScolio - Moderne und effektive nicht-operative Skoliosentherapie","isPartOf":{"@id":"https:\/\/3dscolio.com\/#website"},"primaryImageOfPage":{"@id":"https:\/\/3dscolio.com\/de\/#primaryimage"},"datePublished":"2022-04-20T06:47:47+00:00","dateModified":"2022-04-26T10:51:11+00:00","description":"3DScolio steht f\u00fcr moderne und effektive nicht-operative Skoliosentherapie.Wir bieten individuelle L\u00f6sungen an \u2013 sowohl f\u00fcr direkte Patientenversorgungen als auch f\u00fcr medizinische oder orthop\u00e4dietechnische Betriebe weltweit","breadcrumb":{"@id":"https:\/\/3dscolio.com\/de\/#breadcrumb"},"inLanguage":"de","potentialAction":[{"@type":"ReadAction","target":["https:\/\/3dscolio.com\/de\/"]}]},{"@type":"BreadcrumbList","@id":"https:\/\/3dscolio.com\/de\/#breadcrumb","itemListElement":[{"@type":"ListItem","position":1,"name":"Home","item":"https:\/\/3dscolio.com\/de\/"},{"@type":"ListItem","position":2,"name":"3DScolio"}]}]}},"_links":{"self":[{"href":"https:\/\/3dscolio.com\/de\/wp-json\/wp\/v2\/pages\/263","targetHints":{"allow":["GET"]}}],"collection":[{"href":"https:\/\/3dscolio.com\/de\/wp-json\/wp\/v2\/pages"}],"about":[{"href":"https:\/\/3dscolio.com\/de\/wp-json\/wp\/v2\/types\/page"}],"author":[{"embeddable":true,"href":"https:\/\/3dscolio.com\/de\/wp-json\/wp\/v2\/users\/1"}],"replies":[{"embeddable":true,"href":"https:\/\/3dscolio.com\/de\/wp-json\/wp\/v2\/comments?post=263"}],"version-history":[{"count":8,"href":"https:\/\/3dscolio.com\/de\/wp-json\/wp\/v2\/pages\/263\/revisions"}],"predecessor-version":[{"id":336,"href":"https:\/\/3dscolio.com\/de\/wp-json\/wp\/v2\/pages\/263\/revisions\/336"}],"wp:attachment":[{"href":"https:\/\/3dscolio.com\/de\/wp-json\/wp\/v2\/media?parent=263"}],"curies":[{"name":"wp","href":"https:\/\/api.w.org\/{rel}","templated":true}]}}