{"id":245,"date":"2022-04-20T06:44:03","date_gmt":"2022-04-20T06:44:03","guid":{"rendered":"http:\/\/ilstudio.hr\/scolio\/?page_id=245"},"modified":"2022-04-20T06:44:56","modified_gmt":"2022-04-20T06:44:56","slug":"was-ist-ein-3dscolio-korsett","status":"publish","type":"page","link":"https:\/\/3dscolio.com\/de\/was-ist-ein-3dscolio-korsett\/","title":{"rendered":"Was ist ein 3DScolio Korsett?"},"content":{"rendered":"<p>Es ist: Innovativ, Effektiv, Attraktiv, Luftig und Leicht<\/p>\n<p>3DScolio Korsette bieten eine individuelle high-tech L\u00f6sung f\u00fcr die Skoliosentherapie, individuelle massgeschneiderte Korsette f\u00fcr Skoliosenpatienten.<\/p>\n<p>Das 3DScolio Korsett wird in einer 3D Drucktechnik hergestellt, es entsteht mit Hilfe der FDM Technik direkt in einem 3D Drucker aus biokompatiblem Material und bei der Herstellung f\u00e4llt so gut wie kein Abfall an, was diese Technik wirklich zu einer gr\u00fcnen Technik macht.<\/p>\n<p>Hierbei spielt es keine Rolle, ob der Patient direkt bei uns versorgt wird oder in einer orthop\u00e4dischen Werkstatt irgendwo auf der Welt, das 3DScolio Korsett wird auf Grundlage eines K\u00f6rperscans, den Rh\u00f6ntgenaufnahmen und eines 3DScolio Massblattes hergestellt. Kontaktieren Sie uns f\u00fcr detaillierte Informationen bzw. Angebote.<\/p>\n<p>Dank eines abgestimmten Systems von Druckbereichen und Verst\u00e4rkungen in Kombination mit perforierten Bereichen, erreichen wir im 3DScolio Korsett eine Korrektur der Skoliose bei gleichzeitigem angenehmen Tragegef\u00fchl \u2013 gerade das ist f\u00fcr die Langzeittherapie mit einem Skoliosenkorsett notwendig . Daher ist das 3DScolio Korsett nicht nur effektiv sondern auch leicht und luftdurchl\u00e4ssiger, nat\u00fcrlich kann der Patient zwischen verschiedenen Farben w\u00e4hlen. Gerade in der Skoliosentherapie ist die Complaince entscheident, daher wirken sich die Charakteristiken des 3DScolio Korsettes direkt auf die Motivation und die Therapietreue der Skoliosenpatienten aus.<br \/>\nNat\u00fcrlich wissen wir, das Kinder wachsen und sich Kr\u00fcmmungsmuster \u00e4ndern k\u00f6nnen, deshalb kann das 3DScolio Korsett einfach und ohne Spezialwerkzeug nach den therapeutischen Anforderungen abge\u00e4ndert und angepasst werden.<\/p>\n<p>Wir bieten verschiedene Cooperationsmodelle an, Kontaktieren Sie uns , um das fuer Sie passenden Angebot zu finden.<\/p>\n","protected":false},"excerpt":{"rendered":"<p>Es ist: Innovativ, Effektiv, Attraktiv, Luftig und Leicht 3DScolio Korsette bieten eine individuelle high-tech L\u00f6sung f\u00fcr die Skoliosentherapie, individuelle massgeschneiderte Korsette f\u00fcr Skoliosenpatienten. Das 3DScolio Korsett wird in einer 3D Drucktechnik hergestellt, es entsteht mit Hilfe der FDM Technik direkt in einem 3D Drucker aus biokompatiblem Material und bei der Herstellung f\u00e4llt so gut wie [&#8230;]<\/p>\n<p><a class=\"btn btn-secondary scolio-read-more-link\" href=\"https:\/\/3dscolio.com\/de\/was-ist-ein-3dscolio-korsett\/\">Read More&#8230;<span class=\"screen-reader-text\"> from Was ist ein 3DScolio Korsett?<\/span><\/a><\/p>\n","protected":false},"author":1,"featured_media":0,"parent":0,"menu_order":0,"comment_status":"closed","ping_status":"closed","template":"page-templates\/fullwidthpage.php","meta":{"footnotes":""},"class_list":["post-245","page","type-page","status-publish","hentry"],"acf":[],"yoast_head":"<!-- This site is optimized with the Yoast SEO plugin v18.6 - https:\/\/yoast.com\/wordpress\/plugins\/seo\/ -->\n<title>Was ist ein 3DScolio Korsett? - 3DScolio<\/title>\n<meta name=\"robots\" content=\"index, follow, max-snippet:-1, max-image-preview:large, max-video-preview:-1\" \/>\n<link rel=\"canonical\" href=\"https:\/\/3dscolio.com\/de\/was-ist-ein-3dscolio-korsett\/\" \/>\n<meta property=\"og:locale\" content=\"de_DE\" \/>\n<meta property=\"og:type\" content=\"article\" \/>\n<meta property=\"og:title\" content=\"Was ist ein 3DScolio Korsett? - 3DScolio\" \/>\n<meta property=\"og:description\" content=\"Es ist: Innovativ, Effektiv, Attraktiv, Luftig und Leicht 3DScolio Korsette bieten eine individuelle high-tech L\u00f6sung f\u00fcr die Skoliosentherapie, individuelle massgeschneiderte Korsette f\u00fcr Skoliosenpatienten. Das 3DScolio Korsett wird in einer 3D Drucktechnik hergestellt, es entsteht mit Hilfe der FDM Technik direkt in einem 3D Drucker aus biokompatiblem Material und bei der Herstellung f\u00e4llt so gut wie [...]Read More... from Was ist ein 3DScolio Korsett?\" \/>\n<meta property=\"og:url\" content=\"https:\/\/3dscolio.com\/de\/was-ist-ein-3dscolio-korsett\/\" \/>\n<meta property=\"og:site_name\" content=\"3DScolio\" \/>\n<meta property=\"article:modified_time\" content=\"2022-04-20T06:44:56+00:00\" \/>\n<meta name=\"twitter:card\" content=\"summary_large_image\" \/>\n<meta name=\"twitter:label1\" content=\"Gesch\u00e4tzte Lesezeit\" \/>\n\t<meta name=\"twitter:data1\" content=\"1\u00a0Minute\" \/>\n<script type=\"application\/ld+json\" class=\"yoast-schema-graph\">{\"@context\":\"https:\/\/schema.org\",\"@graph\":[{\"@type\":\"WebSite\",\"@id\":\"https:\/\/3dscolio.com\/#website\",\"url\":\"https:\/\/3dscolio.com\/\",\"name\":\"3DScolio\",\"description\":\"\",\"potentialAction\":[{\"@type\":\"SearchAction\",\"target\":{\"@type\":\"EntryPoint\",\"urlTemplate\":\"https:\/\/3dscolio.com\/?s={search_term_string}\"},\"query-input\":\"required name=search_term_string\"}],\"inLanguage\":\"de\"},{\"@type\":\"WebPage\",\"@id\":\"https:\/\/3dscolio.com\/de\/was-ist-ein-3dscolio-korsett\/#webpage\",\"url\":\"https:\/\/3dscolio.com\/de\/was-ist-ein-3dscolio-korsett\/\",\"name\":\"Was ist ein 3DScolio Korsett? - 3DScolio\",\"isPartOf\":{\"@id\":\"https:\/\/3dscolio.com\/#website\"},\"datePublished\":\"2022-04-20T06:44:03+00:00\",\"dateModified\":\"2022-04-20T06:44:56+00:00\",\"breadcrumb\":{\"@id\":\"https:\/\/3dscolio.com\/de\/was-ist-ein-3dscolio-korsett\/#breadcrumb\"},\"inLanguage\":\"de\",\"potentialAction\":[{\"@type\":\"ReadAction\",\"target\":[\"https:\/\/3dscolio.com\/de\/was-ist-ein-3dscolio-korsett\/\"]}]},{\"@type\":\"BreadcrumbList\",\"@id\":\"https:\/\/3dscolio.com\/de\/was-ist-ein-3dscolio-korsett\/#breadcrumb\",\"itemListElement\":[{\"@type\":\"ListItem\",\"position\":1,\"name\":\"Home\",\"item\":\"https:\/\/3dscolio.com\/de\/\"},{\"@type\":\"ListItem\",\"position\":2,\"name\":\"Was ist ein 3DScolio Korsett?\"}]}]}<\/script>\n<!-- \/ Yoast SEO plugin. -->","yoast_head_json":{"title":"Was ist ein 3DScolio Korsett? - 3DScolio","robots":{"index":"index","follow":"follow","max-snippet":"max-snippet:-1","max-image-preview":"max-image-preview:large","max-video-preview":"max-video-preview:-1"},"canonical":"https:\/\/3dscolio.com\/de\/was-ist-ein-3dscolio-korsett\/","og_locale":"de_DE","og_type":"article","og_title":"Was ist ein 3DScolio Korsett? - 3DScolio","og_description":"Es ist: Innovativ, Effektiv, Attraktiv, Luftig und Leicht 3DScolio Korsette bieten eine individuelle high-tech L\u00f6sung f\u00fcr die Skoliosentherapie, individuelle massgeschneiderte Korsette f\u00fcr Skoliosenpatienten. Das 3DScolio Korsett wird in einer 3D Drucktechnik hergestellt, es entsteht mit Hilfe der FDM Technik direkt in einem 3D Drucker aus biokompatiblem Material und bei der Herstellung f\u00e4llt so gut wie [...]Read More... from Was ist ein 3DScolio Korsett?","og_url":"https:\/\/3dscolio.com\/de\/was-ist-ein-3dscolio-korsett\/","og_site_name":"3DScolio","article_modified_time":"2022-04-20T06:44:56+00:00","twitter_card":"summary_large_image","twitter_misc":{"Gesch\u00e4tzte Lesezeit":"1\u00a0Minute"},"schema":{"@context":"https:\/\/schema.org","@graph":[{"@type":"WebSite","@id":"https:\/\/3dscolio.com\/#website","url":"https:\/\/3dscolio.com\/","name":"3DScolio","description":"","potentialAction":[{"@type":"SearchAction","target":{"@type":"EntryPoint","urlTemplate":"https:\/\/3dscolio.com\/?s={search_term_string}"},"query-input":"required name=search_term_string"}],"inLanguage":"de"},{"@type":"WebPage","@id":"https:\/\/3dscolio.com\/de\/was-ist-ein-3dscolio-korsett\/#webpage","url":"https:\/\/3dscolio.com\/de\/was-ist-ein-3dscolio-korsett\/","name":"Was ist ein 3DScolio Korsett? - 3DScolio","isPartOf":{"@id":"https:\/\/3dscolio.com\/#website"},"datePublished":"2022-04-20T06:44:03+00:00","dateModified":"2022-04-20T06:44:56+00:00","breadcrumb":{"@id":"https:\/\/3dscolio.com\/de\/was-ist-ein-3dscolio-korsett\/#breadcrumb"},"inLanguage":"de","potentialAction":[{"@type":"ReadAction","target":["https:\/\/3dscolio.com\/de\/was-ist-ein-3dscolio-korsett\/"]}]},{"@type":"BreadcrumbList","@id":"https:\/\/3dscolio.com\/de\/was-ist-ein-3dscolio-korsett\/#breadcrumb","itemListElement":[{"@type":"ListItem","position":1,"name":"Home","item":"https:\/\/3dscolio.com\/de\/"},{"@type":"ListItem","position":2,"name":"Was ist ein 3DScolio Korsett?"}]}]}},"_links":{"self":[{"href":"https:\/\/3dscolio.com\/de\/wp-json\/wp\/v2\/pages\/245","targetHints":{"allow":["GET"]}}],"collection":[{"href":"https:\/\/3dscolio.com\/de\/wp-json\/wp\/v2\/pages"}],"about":[{"href":"https:\/\/3dscolio.com\/de\/wp-json\/wp\/v2\/types\/page"}],"author":[{"embeddable":true,"href":"https:\/\/3dscolio.com\/de\/wp-json\/wp\/v2\/users\/1"}],"replies":[{"embeddable":true,"href":"https:\/\/3dscolio.com\/de\/wp-json\/wp\/v2\/comments?post=245"}],"version-history":[{"count":3,"href":"https:\/\/3dscolio.com\/de\/wp-json\/wp\/v2\/pages\/245\/revisions"}],"predecessor-version":[{"id":250,"href":"https:\/\/3dscolio.com\/de\/wp-json\/wp\/v2\/pages\/245\/revisions\/250"}],"wp:attachment":[{"href":"https:\/\/3dscolio.com\/de\/wp-json\/wp\/v2\/media?parent=245"}],"curies":[{"name":"wp","href":"https:\/\/api.w.org\/{rel}","templated":true}]}}